{"id":5941,"date":"2024-07-01T02:30:09","date_gmt":"2024-06-30T23:30:09","guid":{"rendered":"https:\/\/sellibles.com\/gizlilik-politikasi\/"},"modified":"2024-12-09T20:44:59","modified_gmt":"2024-12-09T17:44:59","slug":"gizlilik-politikasi","status":"publish","type":"page","link":"https:\/\/sellibles.com\/tr\/gizlilik-politikasi\/","title":{"rendered":"Gizlilik Politikas\u0131"},"content":{"rendered":"<div class=\"fusion-fullwidth fullwidth-box fusion-builder-row-1 fusion-flex-container has-pattern-background has-mask-background nonhundred-percent-fullwidth non-hundred-percent-height-scrolling\" style=\"--awb-border-radius-top-left:0px;--awb-border-radius-top-right:0px;--awb-border-radius-bottom-right:0px;--awb-border-radius-bottom-left:0px;--awb-flex-wrap:wrap;\" ><div class=\"fusion-builder-row fusion-row fusion-flex-align-items-flex-start fusion-flex-content-wrap\" style=\"max-width:1248px;margin-left: calc(-4% \/ 2 );margin-right: calc(-4% \/ 2 );\"><div class=\"fusion-layout-column fusion_builder_column fusion-builder-column-0 fusion_builder_column_1_1 1_1 fusion-flex-column\" style=\"--awb-bg-size:cover;--awb-width-large:100%;--awb-margin-top-large:0px;--awb-spacing-right-large:1.92%;--awb-margin-bottom-large:20px;--awb-spacing-left-large:1.92%;--awb-width-medium:100%;--awb-order-medium:0;--awb-spacing-right-medium:1.92%;--awb-spacing-left-medium:1.92%;--awb-width-small:100%;--awb-order-small:0;--awb-spacing-right-small:1.92%;--awb-spacing-left-small:1.92%;\"><div class=\"fusion-column-wrapper fusion-column-has-shadow fusion-flex-justify-content-flex-start fusion-content-layout-column\"><div class=\"fusion-title title fusion-title-1 fusion-sep-none fusion-title-text fusion-title-size-one\" style=\"--awb-margin-top-small:10px;--awb-margin-right-small:0px;--awb-margin-bottom-small:10px;--awb-margin-left-small:0px;\"><h1 class=\"fusion-title-heading title-heading-left\" style=\"margin:0;\"><h1>Sellibles Gizlilik Politikas\u0131<\/h1><\/h1><\/div><\/div><\/div><\/div><\/div><div class=\"fusion-fullwidth fullwidth-box fusion-builder-row-2 fusion-flex-container nonhundred-percent-fullwidth non-hundred-percent-height-scrolling\" style=\"--awb-border-radius-top-left:0px;--awb-border-radius-top-right:0px;--awb-border-radius-bottom-right:0px;--awb-border-radius-bottom-left:0px;--awb-flex-wrap:wrap;\" ><div class=\"fusion-builder-row fusion-row fusion-flex-align-items-flex-start fusion-flex-content-wrap\" style=\"max-width:1248px;margin-left: calc(-4% \/ 2 );margin-right: calc(-4% \/ 2 );\"><div class=\"fusion-layout-column fusion_builder_column fusion-builder-column-1 fusion_builder_column_1_1 1_1 fusion-flex-column\" style=\"--awb-padding-right:5%;--awb-padding-left:5%;--awb-bg-color:var(--awb-color2);--awb-bg-color-hover:var(--awb-color2);--awb-bg-size:cover;--awb-width-large:100%;--awb-margin-top-large:0px;--awb-spacing-right-large:1.92%;--awb-margin-bottom-large:0px;--awb-spacing-left-large:1.92%;--awb-width-medium:100%;--awb-spacing-right-medium:1.92%;--awb-spacing-left-medium:1.92%;--awb-width-small:100%;--awb-spacing-right-small:1.92%;--awb-spacing-left-small:1.92%;\"><div class=\"fusion-column-wrapper fusion-flex-justify-content-flex-start fusion-content-layout-column\"><div class=\"fusion-text fusion-text-1\"><h2><strong>Giri\u015f<\/strong><\/h2>\n<p>Sellibles (&#8220;biz&#8221;, &#8220;bize&#8221; veya &#8220;bizim&#8221;) gizlili\u011finizi korumay\u0131 taahh\u00fct eder. Sellibles Gizlilik Politikas\u0131, platformumuz Sellibles&#8217;\u0131 ziyaret etti\u011finizde bilgilerinizi nas\u0131l toplad\u0131\u011f\u0131m\u0131z\u0131, kulland\u0131\u011f\u0131m\u0131z\u0131, if\u015fa etti\u011fimizi ve korudu\u011fumuzu a\u00e7\u0131klar. Ki\u015fisel verilerinize ili\u015fkin g\u00f6r\u00fc\u015flerimizi ve uygulamalar\u0131m\u0131z\u0131 ve bunlar\u0131 nas\u0131l ele alaca\u011f\u0131m\u0131z\u0131 anlamak i\u00e7in l\u00fctfen bu politikay\u0131 dikkatlice okuyun.<\/p>\n<h2><strong>Toplad\u0131\u011f\u0131m\u0131z Bilgiler<\/strong><\/h2>\n<h3><strong>Ki\u015fisel Veriler<\/strong><\/h3>\n<p>Platformumuza kaydoldu\u011funuzda, sipari\u015f verdi\u011finizde, b\u00fcltenimize abone oldu\u011funuzda veya hizmetlerimizle ba\u015fka bir \u015fekilde etkile\u015fime girdi\u011finizde ad\u0131n\u0131z, e-posta adresiniz, telefon numaran\u0131z ve \u00f6deme bilgileriniz gibi ki\u015fisel olarak tan\u0131mlanabilir bilgileri toplayabiliriz.<\/p>\n<h3><strong>Ki\u015fisel Olmayan Veriler<\/strong><\/h3>\n<p>Ayr\u0131ca \u00e7erezler ve benzer teknolojiler arac\u0131l\u0131\u011f\u0131yla taray\u0131c\u0131 t\u00fcr\u00fcn\u00fcz, cihaz t\u00fcr\u00fcn\u00fcz, IP adresiniz ve tarama davran\u0131\u015f\u0131n\u0131z dahil ancak bunlarla s\u0131n\u0131rl\u0131 olmamak \u00fczere hakk\u0131n\u0131zda ki\u015fisel olmayan bilgiler de toplayabiliriz.<\/p>\n<p>Ayr\u0131ca \u00e7erezler ve benzer teknolojiler arac\u0131l\u0131\u011f\u0131yla taray\u0131c\u0131 t\u00fcr\u00fcn\u00fcz, cihaz t\u00fcr\u00fcn\u00fcz, IP adresiniz ve tarama davran\u0131\u015f\u0131n\u0131z dahil ancak bunlarla s\u0131n\u0131rl\u0131 olmamak \u00fczere hakk\u0131n\u0131zda ki\u015fisel olmayan bilgiler de toplayabiliriz.<\/p>\n<h2><strong>Bilgilerinizi Nas\u0131l \u0130\u015fliyoruz<\/strong><\/h2>\n<p>Toplad\u0131\u011f\u0131m\u0131z bilgileri a\u015fa\u011f\u0131dakiler de dahil olmak \u00fczere \u00e7e\u015fitli ama\u00e7lar i\u00e7in kullan\u0131yoruz:<\/p>\n<ul>\n<li>Platformumuzu ve hizmetlerimizi sa\u011flamak, i\u015fletmek ve s\u00fcrd\u00fcrmek i\u00e7in<\/li>\n<li>Platformumuzu ve hizmetlerimizi geli\u015ftirmek, ki\u015fiselle\u015ftirmek ve geni\u015fletmek i\u00e7in<\/li>\n<li>M\u00fc\u015fteri hizmetleri, g\u00fcncellemeler ve promosyon mesajlar\u0131 dahil olmak \u00fczere sizinle ileti\u015fim kurmak i\u00e7in<\/li>\n<li>\u0130\u015flemleri ger\u00e7ekle\u015ftirmek ve sipari\u015flerinizi y\u00f6netmek i\u00e7in<\/li>\n<li>Kullan\u0131c\u0131 deneyimini iyile\u015ftirmek i\u00e7in kullan\u0131m\u0131 ve e\u011filimleri izlemek ve analiz etmek<\/li>\n<li>Yasal y\u00fck\u00fcml\u00fcl\u00fcklere uymak ve anla\u015fmazl\u0131klar\u0131 \u00e7\u00f6zmek i\u00e7in<\/li>\n<\/ul>\n<h2><strong>Bilgilerinizi Nas\u0131l Payla\u015f\u0131yoruz<\/strong><\/h2>\n<p>Ki\u015fisel bilgilerinizi \u00fc\u00e7\u00fcnc\u00fc taraflara satm\u0131yor, takas etmiyor veya kiralam\u0131yoruz. Ancak, bilgilerinizi a\u015fa\u011f\u0131dakilerle payla\u015fabiliriz:<\/p>\n<ul>\n<li><strong>Hizmet Sa\u011flay\u0131c\u0131lar<\/strong>: \u00d6deme i\u015flemleri, veri analizi, e-posta g\u00f6nderimi ve bar\u0131nd\u0131rma hizmetleri gibi hizmetleri bizim ad\u0131m\u0131za ger\u00e7ekle\u015ftiren \u00fc\u00e7\u00fcnc\u00fc taraf hizmet sa\u011flay\u0131c\u0131larla bilgi payla\u015fabiliriz.<\/li>\n<li><strong>\u0130\u015f Transferleri<\/strong>: Bir birle\u015fme, devralma veya varl\u0131k sat\u0131\u015f\u0131na dahil olursak, bilgileriniz bu i\u015flemin bir par\u00e7as\u0131 olarak aktar\u0131labilir.<\/li>\n<li><strong>Yasal Gerek<\/strong>lilikler: Yasalar\u0131n gerektirmesi halinde veya resmi makamlar\u0131n ge\u00e7erli taleplerine yan\u0131t olarak bilgilerinizi if\u015fa edebiliriz.<\/li>\n<\/ul>\n<h2><strong>Gizlilik Politikas\u0131 Kapsam\u0131ndaki Se\u00e7imleriniz<\/strong><\/h2>\n<ul>\n<li><strong>Eri\u015fim ve G\u00fcncelleme<\/strong>: Ki\u015fisel bilgilerinize hesap ayarlar\u0131n\u0131z \u00fczerinden eri\u015febilir, bunlar\u0131 g\u00fcncelleyebilir veya silebilirsiniz.<\/li>\n<li><strong>Pazarlama \u0130leti\u015fimleri<\/strong>: Bu mesajlardaki abonelikten \u00e7\u0131kma talimatlar\u0131n\u0131 izleyerek bizden pazarlama ileti\u015fimi almaktan vazge\u00e7ebilirsiniz.<\/li>\n<li><strong>\u00c7erezler<\/strong>: \u00c7erez tercihlerinizi taray\u0131c\u0131 ayarlar\u0131n\u0131zdan y\u00f6netebilirsiniz. Ancak, \u00e7erezleri devre d\u0131\u015f\u0131 b\u0131rakmak platformumuzun belirli \u00f6zelliklerini kullanma yetene\u011finizi etkileyebilir.<\/li>\n<\/ul>\n<h2><strong>G\u00fcvenlik<\/strong><\/h2>\n<p>Ki\u015fisel bilgilerinizi yetkisiz eri\u015fim, de\u011fi\u015fiklik, if\u015fa veya imhaya kar\u015f\u0131 korumak i\u00e7in uygun teknik ve organizasyonel \u00f6nlemleri uyguluyoruz. Ancak, \u0130nternet \u00fczerinden hi\u00e7bir veri iletimi veya elektronik depolama tamamen g\u00fcvenli de\u011fildir, bu nedenle mutlak g\u00fcvenli\u011fi garanti edemeyiz.<\/p>\n<h2><strong>Gizlilik Politikas\u0131 G\u00fcncellemeleri<\/strong><\/h2>\n<p>Bu Gizlilik Politikas\u0131n\u0131 zaman zaman g\u00fcncelleyebiliriz. Yeni politikay\u0131 platformumuzda yay\u0131nlayarak ve y\u00fcr\u00fcrl\u00fck tarihini g\u00fcncelleyerek her t\u00fcrl\u00fc de\u011fi\u015fiklikten sizi haberdar edece\u011fiz. Herhangi bir de\u011fi\u015fiklikten sonra hizmetlerimizi kullanmaya devam etmeniz, g\u00fcncellenmi\u015f politikay\u0131 kabul etti\u011finizi g\u00f6sterir.<\/p>\n<h2><strong>Bize Ula\u015f\u0131n<\/strong><\/h2>\n<p>Bu Gizlilik Politikas\u0131 hakk\u0131nda herhangi bir sorunuz veya endi\u015feniz varsa, l\u00fctfen bizimle \u015fu adresten ileti\u015fime ge\u00e7in:<\/p>\n<p>E-posta: admin@sellibles.com<\/p>\n<p><strong>Y\u00fcr\u00fcrl\u00fck Tarihi<\/strong>: 1\/7\/2024<\/p>\n<p>S\u00fcr\u00fcm: Privacy_policy_20240701_V101<\/p>\n<\/div><\/div><\/div><\/div><\/div><!-- \/wp:post-content -->","protected":false},"excerpt":{"rendered":"","protected":false},"author":1,"featured_media":0,"parent":0,"menu_order":0,"comment_status":"closed","ping_status":"open","template":"100-width.php","meta":{"footnotes":""},"class_list":["post-5941","page","type-page","status-publish","hentry"],"yoast_head":"<!-- This site is optimized with the Yoast SEO Premium plugin v27.5 (Yoast SEO v27.5) - https:\/\/yoast.com\/product\/yoast-seo-premium-wordpress\/ -->\n<title>Gizlilik Politikas\u0131<\/title>\n<meta name=\"description\" content=\"Sellibles gizlilik politikas\u0131, hangi verileri toplad\u0131\u011f\u0131m\u0131z\u0131, bilgilerinizi nas\u0131l i\u015fledi\u011fimizi ve gizlili\u011finizi nas\u0131l korudu\u011fumuzu a\u00e7\u0131klar.\" \/>\n<meta name=\"robots\" content=\"index, follow, max-snippet:-1, max-image-preview:large, max-video-preview:-1\" \/>\n<link rel=\"canonical\" href=\"https:\/\/sellibles.com\/tr\/gizlilik-politikasi\/\" \/>\n<meta property=\"og:locale\" content=\"tr_TR\" \/>\n<meta property=\"og:type\" content=\"article\" \/>\n<meta property=\"og:title\" content=\"Gizlilik Politikas\u0131\" \/>\n<meta property=\"og:description\" content=\"Sellibles gizlilik politikas\u0131, hangi verileri toplad\u0131\u011f\u0131m\u0131z\u0131, bilgilerinizi nas\u0131l i\u015fledi\u011fimizi ve gizlili\u011finizi nas\u0131l korudu\u011fumuzu a\u00e7\u0131klar.\" \/>\n<meta property=\"og:url\" content=\"https:\/\/sellibles.com\/tr\/gizlilik-politikasi\/\" \/>\n<meta property=\"og:site_name\" content=\"Sellibles\" \/>\n<meta property=\"article:publisher\" content=\"https:\/\/www.facebook.com\/sellibles\/\" \/>\n<meta property=\"article:modified_time\" content=\"2024-12-09T17:44:59+00:00\" \/>\n<meta name=\"twitter:card\" content=\"summary_large_image\" \/>\n<meta name=\"twitter:site\" content=\"@sellibles\" \/>\n<meta name=\"twitter:label1\" content=\"Tahmini okuma s\u00fcresi\" \/>\n\t<meta name=\"twitter:data1\" content=\"10 dakika\" \/>\n<script type=\"application\/ld+json\" class=\"yoast-schema-graph\">{\"@context\":\"https:\\\/\\\/schema.org\",\"@graph\":[{\"@type\":\"WebPage\",\"@id\":\"https:\\\/\\\/sellibles.com\\\/tr\\\/gizlilik-politikasi\\\/\",\"url\":\"https:\\\/\\\/sellibles.com\\\/tr\\\/gizlilik-politikasi\\\/\",\"name\":\"Gizlilik Politikas\u0131\",\"isPartOf\":{\"@id\":\"https:\\\/\\\/sellibles.com\\\/tr\\\/#website\"},\"datePublished\":\"2024-06-30T23:30:09+00:00\",\"dateModified\":\"2024-12-09T17:44:59+00:00\",\"description\":\"Sellibles gizlilik politikas\u0131, hangi verileri toplad\u0131\u011f\u0131m\u0131z\u0131, bilgilerinizi nas\u0131l i\u015fledi\u011fimizi ve gizlili\u011finizi nas\u0131l korudu\u011fumuzu a\u00e7\u0131klar.\",\"breadcrumb\":{\"@id\":\"https:\\\/\\\/sellibles.com\\\/tr\\\/gizlilik-politikasi\\\/#breadcrumb\"},\"inLanguage\":\"tr\",\"potentialAction\":[{\"@type\":\"ReadAction\",\"target\":[\"https:\\\/\\\/sellibles.com\\\/tr\\\/gizlilik-politikasi\\\/\"]}]},{\"@type\":\"BreadcrumbList\",\"@id\":\"https:\\\/\\\/sellibles.com\\\/tr\\\/gizlilik-politikasi\\\/#breadcrumb\",\"itemListElement\":[{\"@type\":\"ListItem\",\"position\":1,\"name\":\"Home\",\"item\":\"https:\\\/\\\/sellibles.com\\\/tr\\\/\"},{\"@type\":\"ListItem\",\"position\":2,\"name\":\"Gizlilik Politikas\u0131\"}]},{\"@type\":\"WebSite\",\"@id\":\"https:\\\/\\\/sellibles.com\\\/tr\\\/#website\",\"url\":\"https:\\\/\\\/sellibles.com\\\/tr\\\/\",\"name\":\"Sellibles\",\"description\":\"Sellibles is an innovative platform that connects product owner companies with freelance sellers..\",\"publisher\":{\"@id\":\"https:\\\/\\\/sellibles.com\\\/tr\\\/#organization\"},\"potentialAction\":[{\"@type\":\"SearchAction\",\"target\":{\"@type\":\"EntryPoint\",\"urlTemplate\":\"https:\\\/\\\/sellibles.com\\\/tr\\\/?s={search_term_string}\"},\"query-input\":{\"@type\":\"PropertyValueSpecification\",\"valueRequired\":true,\"valueName\":\"search_term_string\"}}],\"inLanguage\":\"tr\"},{\"@type\":\"Organization\",\"@id\":\"https:\\\/\\\/sellibles.com\\\/tr\\\/#organization\",\"name\":\"Sellibles\",\"url\":\"https:\\\/\\\/sellibles.com\\\/tr\\\/\",\"logo\":{\"@type\":\"ImageObject\",\"inLanguage\":\"tr\",\"@id\":\"https:\\\/\\\/sellibles.com\\\/tr\\\/#\\\/schema\\\/logo\\\/image\\\/\",\"url\":\"https:\\\/\\\/sellibles.com\\\/wp-content\\\/uploads\\\/2024\\\/11\\\/Sellibles-Glow-Logo.png\",\"contentUrl\":\"https:\\\/\\\/sellibles.com\\\/wp-content\\\/uploads\\\/2024\\\/11\\\/Sellibles-Glow-Logo.png\",\"width\":562,\"height\":255,\"caption\":\"Sellibles\"},\"image\":{\"@id\":\"https:\\\/\\\/sellibles.com\\\/tr\\\/#\\\/schema\\\/logo\\\/image\\\/\"},\"sameAs\":[\"https:\\\/\\\/www.facebook.com\\\/sellibles\\\/\",\"https:\\\/\\\/x.com\\\/sellibles\",\"https:\\\/\\\/www.youtube.com\\\/@Sellibles\",\"https:\\\/\\\/www.instagram.com\\\/socialsellibles\\\/\",\"https:\\\/\\\/www.tiktok.com\\\/@sellibles\",\"https:\\\/\\\/www.reddit.com\\\/user\\\/Sellibles\\\/\",\"https:\\\/\\\/www.linkedin.com\\\/company\\\/sellibles\\\/\"]}]}<\/script>\n<!-- \/ Yoast SEO Premium plugin. -->","yoast_head_json":{"title":"Gizlilik Politikas\u0131","description":"Sellibles gizlilik politikas\u0131, hangi verileri toplad\u0131\u011f\u0131m\u0131z\u0131, bilgilerinizi nas\u0131l i\u015fledi\u011fimizi ve gizlili\u011finizi nas\u0131l korudu\u011fumuzu a\u00e7\u0131klar.","robots":{"index":"index","follow":"follow","max-snippet":"max-snippet:-1","max-image-preview":"max-image-preview:large","max-video-preview":"max-video-preview:-1"},"canonical":"https:\/\/sellibles.com\/tr\/gizlilik-politikasi\/","og_locale":"tr_TR","og_type":"article","og_title":"Gizlilik Politikas\u0131","og_description":"Sellibles gizlilik politikas\u0131, hangi verileri toplad\u0131\u011f\u0131m\u0131z\u0131, bilgilerinizi nas\u0131l i\u015fledi\u011fimizi ve gizlili\u011finizi nas\u0131l korudu\u011fumuzu a\u00e7\u0131klar.","og_url":"https:\/\/sellibles.com\/tr\/gizlilik-politikasi\/","og_site_name":"Sellibles","article_publisher":"https:\/\/www.facebook.com\/sellibles\/","article_modified_time":"2024-12-09T17:44:59+00:00","twitter_card":"summary_large_image","twitter_site":"@sellibles","twitter_misc":{"Tahmini okuma s\u00fcresi":"10 dakika"},"schema":{"@context":"https:\/\/schema.org","@graph":[{"@type":"WebPage","@id":"https:\/\/sellibles.com\/tr\/gizlilik-politikasi\/","url":"https:\/\/sellibles.com\/tr\/gizlilik-politikasi\/","name":"Gizlilik Politikas\u0131","isPartOf":{"@id":"https:\/\/sellibles.com\/tr\/#website"},"datePublished":"2024-06-30T23:30:09+00:00","dateModified":"2024-12-09T17:44:59+00:00","description":"Sellibles gizlilik politikas\u0131, hangi verileri toplad\u0131\u011f\u0131m\u0131z\u0131, bilgilerinizi nas\u0131l i\u015fledi\u011fimizi ve gizlili\u011finizi nas\u0131l korudu\u011fumuzu a\u00e7\u0131klar.","breadcrumb":{"@id":"https:\/\/sellibles.com\/tr\/gizlilik-politikasi\/#breadcrumb"},"inLanguage":"tr","potentialAction":[{"@type":"ReadAction","target":["https:\/\/sellibles.com\/tr\/gizlilik-politikasi\/"]}]},{"@type":"BreadcrumbList","@id":"https:\/\/sellibles.com\/tr\/gizlilik-politikasi\/#breadcrumb","itemListElement":[{"@type":"ListItem","position":1,"name":"Home","item":"https:\/\/sellibles.com\/tr\/"},{"@type":"ListItem","position":2,"name":"Gizlilik Politikas\u0131"}]},{"@type":"WebSite","@id":"https:\/\/sellibles.com\/tr\/#website","url":"https:\/\/sellibles.com\/tr\/","name":"Sellibles","description":"Sellibles is an innovative platform that connects product owner companies with freelance sellers..","publisher":{"@id":"https:\/\/sellibles.com\/tr\/#organization"},"potentialAction":[{"@type":"SearchAction","target":{"@type":"EntryPoint","urlTemplate":"https:\/\/sellibles.com\/tr\/?s={search_term_string}"},"query-input":{"@type":"PropertyValueSpecification","valueRequired":true,"valueName":"search_term_string"}}],"inLanguage":"tr"},{"@type":"Organization","@id":"https:\/\/sellibles.com\/tr\/#organization","name":"Sellibles","url":"https:\/\/sellibles.com\/tr\/","logo":{"@type":"ImageObject","inLanguage":"tr","@id":"https:\/\/sellibles.com\/tr\/#\/schema\/logo\/image\/","url":"https:\/\/sellibles.com\/wp-content\/uploads\/2024\/11\/Sellibles-Glow-Logo.png","contentUrl":"https:\/\/sellibles.com\/wp-content\/uploads\/2024\/11\/Sellibles-Glow-Logo.png","width":562,"height":255,"caption":"Sellibles"},"image":{"@id":"https:\/\/sellibles.com\/tr\/#\/schema\/logo\/image\/"},"sameAs":["https:\/\/www.facebook.com\/sellibles\/","https:\/\/x.com\/sellibles","https:\/\/www.youtube.com\/@Sellibles","https:\/\/www.instagram.com\/socialsellibles\/","https:\/\/www.tiktok.com\/@sellibles","https:\/\/www.reddit.com\/user\/Sellibles\/","https:\/\/www.linkedin.com\/company\/sellibles\/"]}]}},"_links":{"self":[{"href":"https:\/\/sellibles.com\/tr\/wp-json\/wp\/v2\/pages\/5941","targetHints":{"allow":["GET"]}}],"collection":[{"href":"https:\/\/sellibles.com\/tr\/wp-json\/wp\/v2\/pages"}],"about":[{"href":"https:\/\/sellibles.com\/tr\/wp-json\/wp\/v2\/types\/page"}],"author":[{"embeddable":true,"href":"https:\/\/sellibles.com\/tr\/wp-json\/wp\/v2\/users\/1"}],"replies":[{"embeddable":true,"href":"https:\/\/sellibles.com\/tr\/wp-json\/wp\/v2\/comments?post=5941"}],"version-history":[{"count":34,"href":"https:\/\/sellibles.com\/tr\/wp-json\/wp\/v2\/pages\/5941\/revisions"}],"predecessor-version":[{"id":9000,"href":"https:\/\/sellibles.com\/tr\/wp-json\/wp\/v2\/pages\/5941\/revisions\/9000"}],"wp:attachment":[{"href":"https:\/\/sellibles.com\/tr\/wp-json\/wp\/v2\/media?parent=5941"}],"curies":[{"name":"wp","href":"https:\/\/api.w.org\/{rel}","templated":true}]}}